{"id":272,"date":"2025-05-23T19:03:12","date_gmt":"2025-05-23T18:03:12","guid":{"rendered":"https:\/\/www.firstlink-sgps.com\/scma-lda\/"},"modified":"2025-05-28T19:44:49","modified_gmt":"2025-05-28T18:44:49","slug":"scma-lda","status":"publish","type":"page","link":"https:\/\/www.firstlink-sgps.com\/en\/scma-lda\/","title":{"rendered":"SCMA LDA"},"content":{"rendered":"\n<div class=\"wp-block-columns is-layout-flex wp-container-core-columns-is-layout-28f84493 wp-block-columns-is-layout-flex\">\n<div class=\"wp-block-column is-layout-flow wp-block-column-is-layout-flow\" style=\"flex-basis:75%\">\n<div class=\"wp-block-group has-global-padding is-layout-constrained wp-block-group-is-layout-constrained\">\n<p>SCMA &#8211; Sociedade de Consultores Mar\u00edtimos Lda. was set up in 1995 under the name S&amp;C Tejo &#8211; Gest\u00e3o de Equipamentos Mar\u00edtimos e Tripula\u00e7\u00f5es Lda, which was changed to its current name in June 2003. The company&#8217;s corporate purpose is the industrial activity and management of maritime equipment, ships and any type of vessel, namely in the areas of crews, maintenance, conservation, technical supervision and maritime consultancy services, promotion of maritime insurance contracts and their administration, watch services for vessels and equipment, mediation in the purchase, sale and chartering of ships and all types of equipment necessary for the maritime transport industry, as well as any associated activity.<\/p>\n\n\n\n<p>COMPANY SPECIALIZED IN:<br\/>SCMA has extensive experience in a wide range of services,<br\/>within the maritime transport industry:<\/p>\n\n\n\n<ul class=\"wp-block-list\">\n<li>Technical management of ships and other floating assets<\/li>\n\n\n\n<li>Crew Management<\/li>\n\n\n\n<li>Supervision of Major Interventions (Docking &amp; Repairs)<\/li>\n\n\n\n<li>Maritime Consulting<\/li>\n\n\n\n<li>Supervision of New Construction<\/li>\n\n\n\n<li>Shipbuilding Projects<\/li>\n\n\n\n<li>Supply of marine equipment and spare parts<\/li>\n\n\n\n<li>Buying and Selling Ships<\/li>\n\n\n\n<li>Designing and advising on the implementation of Quality, Environmental and Safety Management Systems (ISO Standards)<\/li>\n\n\n\n<li>Designing and advising on the implementation of Maritime Safety and Security Management Systems (ISM and ISPS Codes)<\/li>\n<\/ul>\n<\/div>\n<\/div>\n\n\n\n<div class=\"wp-block-column is-layout-flow wp-block-column-is-layout-flow\" style=\"flex-basis:25%\">\n<figure class=\"wp-block-image size-full\"><img loading=\"lazy\" decoding=\"async\" width=\"223\" height=\"266\" src=\"https:\/\/www.firstlink-sgps.com\/wp-content\/uploads\/2025\/05\/scma_logo.jpg\" alt=\"\" class=\"wp-image-97\"\/><\/figure>\n<\/div>\n<\/div>\n","protected":false},"excerpt":{"rendered":"<p>SCMA &#8211; Sociedade de Consultores Mar\u00edtimos Lda. was set up in 1995 under the name S&amp;C Tejo &#8211; Gest\u00e3o de Equipamentos Mar\u00edtimos e Tripula\u00e7\u00f5es Lda, which was changed to its current name in June 2003. The company&#8217;s corporate purpose is the industrial activity and management of maritime equipment, ships and any type of vessel, namely [&hellip;]<\/p>\n","protected":false},"author":1,"featured_media":428,"parent":0,"menu_order":0,"comment_status":"closed","ping_status":"closed","template":"","meta":{"footnotes":""},"class_list":["post-272","page","type-page","status-publish","has-post-thumbnail","hentry"],"_links":{"self":[{"href":"https:\/\/www.firstlink-sgps.com\/en\/wp-json\/wp\/v2\/pages\/272","targetHints":{"allow":["GET"]}}],"collection":[{"href":"https:\/\/www.firstlink-sgps.com\/en\/wp-json\/wp\/v2\/pages"}],"about":[{"href":"https:\/\/www.firstlink-sgps.com\/en\/wp-json\/wp\/v2\/types\/page"}],"author":[{"embeddable":true,"href":"https:\/\/www.firstlink-sgps.com\/en\/wp-json\/wp\/v2\/users\/1"}],"replies":[{"embeddable":true,"href":"https:\/\/www.firstlink-sgps.com\/en\/wp-json\/wp\/v2\/comments?post=272"}],"version-history":[{"count":1,"href":"https:\/\/www.firstlink-sgps.com\/en\/wp-json\/wp\/v2\/pages\/272\/revisions"}],"predecessor-version":[{"id":274,"href":"https:\/\/www.firstlink-sgps.com\/en\/wp-json\/wp\/v2\/pages\/272\/revisions\/274"}],"wp:featuredmedia":[{"embeddable":true,"href":"https:\/\/www.firstlink-sgps.com\/en\/wp-json\/wp\/v2\/media\/428"}],"wp:attachment":[{"href":"https:\/\/www.firstlink-sgps.com\/en\/wp-json\/wp\/v2\/media?parent=272"}],"curies":[{"name":"wp","href":"https:\/\/api.w.org\/{rel}","templated":true}]}}