{"id":276,"date":"2025-05-21T11:03:21","date_gmt":"2025-05-21T10:03:21","guid":{"rendered":"https:\/\/www.firstlink-sgps.com\/contact\/"},"modified":"2025-05-28T19:44:51","modified_gmt":"2025-05-28T18:44:51","slug":"contact","status":"publish","type":"page","link":"https:\/\/www.firstlink-sgps.com\/en\/contact\/","title":{"rendered":"Contact"},"content":{"rendered":"\n<div class=\"wp-block-columns is-layout-flex wp-container-core-columns-is-layout-093de55c wp-block-columns-is-layout-flex\" style=\"margin-top:var(--wp--preset--spacing--50);margin-bottom:var(--wp--preset--spacing--50);padding-top:0;padding-bottom:0\">\n<div class=\"wp-block-column is-layout-flow wp-block-column-is-layout-flow\" style=\"flex-basis:66.66%\">\n<h3 class=\"wp-block-heading\"><strong>SCMA &#8211; Sociedade de Consultores Mar\u00edtimos Lda<\/strong><\/h3>\n\n\n\n<p>Address: Rua Cintura do Porto (Matinha), Pr\u00e9dio B, 1C<br\/>1950-314 Lisboa<br\/>Tel: +(351) 213 910 200<br\/>E-Mail: scma@scma-ltd.com<\/p>\n\n\n\n<hr class=\"wp-block-separator has-alpha-channel-opacity\"\/>\n\n\n\n<h3 class=\"wp-block-heading\"><strong>FirstLink SGPS SA<\/strong><\/h3>\n\n\n\n<p>Address: Rua Cintura do Porto (Matinha), Pr\u00e9dio B, 1C<br\/>1950-314 Lisboa<br\/>Tel: +(351) 213 910 200<br\/>E-Mail: firstlink@firstlink-sgps.com<\/p>\n\n\n\n<hr class=\"wp-block-separator has-alpha-channel-opacity\"\/>\n\n\n\n<h3 class=\"wp-block-heading\"><strong>NAVEGAR &#8211; Companhia Portuguesa de Navega\u00e7\u00e3o Internacional SA<\/strong><\/h3>\n\n\n\n<p>Address: Rua Cintura do Porto (Matinha), Pr\u00e9dio B, 1C<br\/>1950-314 Lisboa<br\/>Tel: +(351) 213 910 200<br\/>E-Mail: navegar@navegar-sa.com<\/p>\n<\/div>\n\n\n\n<div class=\"wp-block-column is-layout-flow wp-block-column-is-layout-flow\" style=\"flex-basis:33.33%\">\n<h3 class=\"wp-block-heading\"><strong>Schedule<\/strong><\/h3>\n\n\n\n<p>Monday: 9 a.m. to 6 p.m.<br\/>Tuesday: 9 a.m. to 6 p.m.<br\/>Wednesday: 9 a.m. to 6 p.m.<br\/>Thursday: 9 a.m. to 6 p.m.<br\/>Friday: 9 a.m. to 6 p.m.<br\/>Saturday: Closed<br\/>Sunday: Closed<\/p>\n<\/div>\n<\/div>\n","protected":false},"excerpt":{"rendered":"<p>SCMA &#8211; Sociedade de Consultores Mar\u00edtimos Lda Address: Rua Cintura do Porto (Matinha), Pr\u00e9dio B, 1C1950-314 LisboaTel: +(351) 213 910 200E-Mail: scma@scma-ltd.com FirstLink SGPS SA Address: Rua Cintura do Porto (Matinha), Pr\u00e9dio B, 1C1950-314 LisboaTel: +(351) 213 910 200E-Mail: firstlink@firstlink-sgps.com NAVEGAR &#8211; Companhia Portuguesa de Navega\u00e7\u00e3o Internacional SA Address: Rua Cintura do Porto (Matinha), Pr\u00e9dio [&hellip;]<\/p>\n","protected":false},"author":1,"featured_media":230,"parent":0,"menu_order":0,"comment_status":"closed","ping_status":"closed","template":"","meta":{"footnotes":""},"class_list":["post-276","page","type-page","status-publish","has-post-thumbnail","hentry"],"_links":{"self":[{"href":"https:\/\/www.firstlink-sgps.com\/en\/wp-json\/wp\/v2\/pages\/276","targetHints":{"allow":["GET"]}}],"collection":[{"href":"https:\/\/www.firstlink-sgps.com\/en\/wp-json\/wp\/v2\/pages"}],"about":[{"href":"https:\/\/www.firstlink-sgps.com\/en\/wp-json\/wp\/v2\/types\/page"}],"author":[{"embeddable":true,"href":"https:\/\/www.firstlink-sgps.com\/en\/wp-json\/wp\/v2\/users\/1"}],"replies":[{"embeddable":true,"href":"https:\/\/www.firstlink-sgps.com\/en\/wp-json\/wp\/v2\/comments?post=276"}],"version-history":[{"count":1,"href":"https:\/\/www.firstlink-sgps.com\/en\/wp-json\/wp\/v2\/pages\/276\/revisions"}],"predecessor-version":[{"id":277,"href":"https:\/\/www.firstlink-sgps.com\/en\/wp-json\/wp\/v2\/pages\/276\/revisions\/277"}],"wp:featuredmedia":[{"embeddable":true,"href":"https:\/\/www.firstlink-sgps.com\/en\/wp-json\/wp\/v2\/media\/230"}],"wp:attachment":[{"href":"https:\/\/www.firstlink-sgps.com\/en\/wp-json\/wp\/v2\/media?parent=276"}],"curies":[{"name":"wp","href":"https:\/\/api.w.org\/{rel}","templated":true}]}}